{"id":9964,"date":"2026-03-30T09:35:14","date_gmt":"2026-03-30T14:35:14","guid":{"rendered":"https:\/\/cppc-ccmp.ca\/?page_id=9964"},"modified":"2026-03-30T11:26:25","modified_gmt":"2026-03-30T16:26:25","slug":"partenariat-bci-ccmp","status":"publish","type":"page","link":"https:\/\/cppc-ccmp.ca\/fr\/partenariat-bci-ccmp\/","title":{"rendered":"Partenariat strat\u00e9gique entre le BCI et le CCMP"},"content":{"rendered":"<div class=\"wp-block-image\">\n<figure class=\"aligncenter size-full\"><img loading=\"lazy\" decoding=\"async\" width=\"1000\" height=\"200\" src=\"https:\/\/cppc-ccmp.ca\/wp-content\/uploads\/2026\/03\/bci_cppc.png\" alt=\"\" class=\"wp-image-9966\" style=\"aspect-ratio:5.001310615989515\" srcset=\"https:\/\/cppc-ccmp.ca\/wp-content\/uploads\/2026\/03\/bci_cppc.png 1000w, https:\/\/cppc-ccmp.ca\/wp-content\/uploads\/2026\/03\/bci_cppc-300x60.png 300w, https:\/\/cppc-ccmp.ca\/wp-content\/uploads\/2026\/03\/bci_cppc-768x154.png 768w\" sizes=\"auto, (max-width: 1000px) 100vw, 1000px\" \/><\/figure>\n<\/div>\n\n<style>.ablocks-block-80214ee6-bfb2-456b-8bdd-97736d9da223 { position:relative;transition:border 0s ease,background 0s ease,box-shadow 0s ease; } .ablocks-block-80214ee6-bfb2-456b-8bdd-97736d9da223 .ablocks-spacer__box { height:30px!important; } <\/style>\n<div class=\"ablocks-block ablocks-block-80214ee6-bfb2-456b-8bdd-97736d9da223 ablocks-block--spacer\"><div class=\"ablocks-spacer__box\" style=\"height:30px;width:100%\"><\/div><\/div>\n\n\n\n<h2 class=\"wp-block-heading\"><strong><strong>Le CCMP et le BCI concluent un partenariat pour renforcer les pratiques en approvisionnement des march\u00e9s publics au Qu\u00e9bec<\/strong><\/strong><\/h2>\n\n\n<style>.ablocks-block-d01fd6aa-89b8-4817-a9cf-9fb1ae9ab107 { position:relative;transition:border 0s ease,background 0s ease,box-shadow 0s ease; } .ablocks-block-d01fd6aa-89b8-4817-a9cf-9fb1ae9ab107 .ablocks-spacer__box { height:30px!important; } <\/style>\n<div class=\"ablocks-block ablocks-block-d01fd6aa-89b8-4817-a9cf-9fb1ae9ab107 ablocks-block--spacer\"><div class=\"ablocks-spacer__box\" style=\"height:30px;width:100%\"><\/div><\/div>\n\n\n\n<p><em>31 mars 2026 <\/em>&#8211; Le Conseil canadien des march\u00e9s publics (CCMP) est heureux d\u2019annoncer la signature d\u2019un nouveau partenariat strat\u00e9gique avec le Bureau de coop\u00e9ration interuniversitaire (<a href=\"https:\/\/bci-qc.ca\/\" target=\"_blank\" rel=\"noreferrer noopener\">BCI<\/a>) du Qu\u00e9bec, une organisation cl\u00e9 du r\u00e9seau universitaire qu\u00e9b\u00e9cois.<\/p>\n\n\n\n<p>Cette entente marque une \u00e9tape importante pour le CCMP, en accueillant ainsi les 20&nbsp;nouveaux membres du Sous-comit\u00e9 de l\u2019approvisionnement du BCI, repr\u00e9sentant les gestionnaires en approvisionnement des universit\u00e9s qu\u00e9b\u00e9coises et leurs \u00e9quipes. Elle t\u00e9moigne d\u2019une volont\u00e9 commune de renforcer la collaboration, le partage des meilleures pratiques et le d\u00e9veloppement professionnel dans le domaine des march\u00e9s publics.<\/p>\n\n\n\n<p><strong>Un partenariat structurant pour la communaut\u00e9 de l\u2019approvisionnement<\/strong><\/p>\n\n\n\n<figure class=\"wp-block-image size-large is-resized\"><img loading=\"lazy\" decoding=\"async\" width=\"1024\" height=\"683\" src=\"https:\/\/cppc-ccmp.ca\/wp-content\/uploads\/2026\/03\/bci-partnership-1024x683.png\" alt=\"\" class=\"wp-image-9970\" style=\"aspect-ratio:1.4992888417882142;width:740px;height:auto\" srcset=\"https:\/\/cppc-ccmp.ca\/wp-content\/uploads\/2026\/03\/bci-partnership-1024x683.png 1024w, https:\/\/cppc-ccmp.ca\/wp-content\/uploads\/2026\/03\/bci-partnership-300x200.png 300w, https:\/\/cppc-ccmp.ca\/wp-content\/uploads\/2026\/03\/bci-partnership-768x512.png 768w, https:\/\/cppc-ccmp.ca\/wp-content\/uploads\/2026\/03\/bci-partnership-1280x855.png 1280w, https:\/\/cppc-ccmp.ca\/wp-content\/uploads\/2026\/03\/bci-partnership.png 1536w\" sizes=\"auto, (max-width: 1024px) 100vw, 1024px\" \/><figcaption class=\"wp-element-caption\"><strong>Sur la photo (de gauche \u00e0 droite)&nbsp;:<br><em>Fran\u00e7ois \u00c9mond, Directeur g\u00e9n\u00e9ral, Conseil canadien des march\u00e9s publics<\/em><br><em>Denys Bussi\u00e8res, Directeur du Service des approvisionnements, HEC Montr\u00e9al, et Pr\u00e9sident du Sous-comit\u00e9 de l\u2019approvisionnement, BCI<\/em><br><em>Marie Garand, Conseill\u00e8re en approvisionnement, BCI<\/em><\/strong><\/figcaption><\/figure>\n\n\n\n<p>Organisme pancanadien d\u00e9di\u00e9 au secteur des march\u00e9s publics, le CCMP a pour mission de soutenir de fa\u00e7on continue les activit\u00e9s et initiatives qui favorisent la mise en \u0153uvre des meilleures pratiques en approvisionnement public, la certification professionnelle, l\u2019\u00e9ducation et le r\u00e9seautage. Ses membres proviennent de l\u2019ensemble des ordres de gouvernement f\u00e9d\u00e9ral, provincial\/territorial et municipal, ainsi que des soci\u00e9t\u00e9s d\u2019\u00c9tat et des organisations du secteur municipal, universitaire, social et de la sant\u00e9 (MASH).<\/p>\n\n\n\n<p>De son c\u00f4t\u00e9, le BCI est une organisation qui regroupe l\u2019ensemble des \u00e9tablissements universitaires qu\u00e9b\u00e9cois. Il soutient la mission et le d\u00e9veloppement des universit\u00e9s qu\u00e9b\u00e9coises, tout en promouvant leurs int\u00e9r\u00eats, leur diversit\u00e9 et leur autonomie au b\u00e9n\u00e9fice de la soci\u00e9t\u00e9.<\/p>\n\n\n\n<p>Gr\u00e2ce \u00e0 cet accord, les membres du Sous-comit\u00e9 de l\u2019approvisionnement du BCI peuvent maintenant acc\u00e9der \u00e0 l\u2019ensemble des services offerts aux membres du CCMP, notamment \u00e0 une communaut\u00e9 professionnelle pancanadienne, \u00e0 des activit\u00e9s de perfectionnement professionnel cibl\u00e9es, ainsi qu\u2019\u00e0 des occasions accrues d\u2019\u00e9changes interprovinciaux sur les tendances et enjeux \u00e9mergents en approvisionnement public.<\/p>\n\n\n\n<p>Le partenariat pr\u00e9voit notamment la tenue d\u2019activit\u00e9s de formation adapt\u00e9es aux besoins sp\u00e9cifiques du milieu universitaire, ainsi qu\u2019une collaboration soutenue sur des initiatives strat\u00e9giques visant \u00e0 faire \u00e9voluer la profession et \u00e0 soutenir l\u2019excellence en approvisionnement public.<\/p>\n\n\n\n<p><strong>Un renforcement du leadership du CCMP au Qu\u00e9bec<\/strong><\/p>\n\n\n\n<p>Cette entente vient consolider la position du CCMP au Qu\u00e9bec en tant que principal porte-parole canadien des professionnels impliqu\u00e9s dans les march\u00e9s publics. En \u00e9largissant sa communaut\u00e9 \u00e0 l\u2019ensemble des universit\u00e9s qu\u00e9b\u00e9coises repr\u00e9sent\u00e9es au sein du Sous-comit\u00e9 de l\u2019approvisionnement du BCI, le CCMP accro\u00eet son rayonnement au Qu\u00e9bec et, plus largement, dans le secteur de l\u2019\u00e9ducation \u00e0 l\u2019\u00e9chelle canadienne.<\/p>\n\n\n\n<p>\u00c0 travers ce partenariat, le CCMP poursuit sa mission de soutien \u00e0 la communaut\u00e9 des march\u00e9s publics en&nbsp;:<\/p>\n\n\n\n<ul class=\"wp-block-list\">\n<li>Favorisant le dialogue entre les parties prenantes\u2009;<\/li>\n\n\n\n<li>Facilitant l\u2019\u00e9change d\u2019informations et de pratiques exemplaires\u2009;<\/li>\n\n\n\n<li>D\u00e9veloppant des approches collaboratives pour relever les d\u00e9fis communs\u2009;<\/li>\n\n\n\n<li>Assurant un leadership structurant sur les enjeux \u00e9mergents du secteur.<\/li>\n<\/ul>\n\n\n\n<p><strong>Une vision commune tourn\u00e9e vers l\u2019avenir<\/strong><\/p>\n\n\n\n<p>En partageant leurs expertises et leurs r\u00e9seaux, le CCMP et le BCI confirment leur volont\u00e9 de contribuer activement \u00e0 l\u2019\u00e9volution des pratiques d\u2019approvisionnement public, au b\u00e9n\u00e9fice des organisations membres et de la soci\u00e9t\u00e9 dans son ensemble. Ce partenariat ouvre la voie \u00e0 de nouvelles synergies et met en lumi\u00e8re l\u2019expertise qu\u00e9b\u00e9coise et canadienne en mati\u00e8re de march\u00e9s publics.<\/p>\n\n\n<style>.ablocks-block-8009441c-94b6-4da8-b67b-e68bf1046081 { position:relative;transition:border 0s ease,background 0s ease,box-shadow 0s ease; } .ablocks-block-8009441c-94b6-4da8-b67b-e68bf1046081 .ablocks-spacer__box { height:28px!important; } <\/style>\n<div class=\"ablocks-block ablocks-block-8009441c-94b6-4da8-b67b-e68bf1046081 ablocks-block--spacer\"><div class=\"ablocks-spacer__box\" style=\"height:28px;width:100%\"><\/div><\/div>\n\n\n<style>.ablocks-block-96c90414-52ee-4999-9ed9-58dc7f025f19 { position:relative;transition:border 0s ease,background 0s ease,box-shadow 0s ease; } .ablocks-block-96c90414-52ee-4999-9ed9-58dc7f025f19 { text-align:center; } .ablocks-block-96c90414-52ee-4999-9ed9-58dc7f025f19 .ablocks-button { column-gap:10px;background:#fd7e14;justify-content:left;color:#000000; } .ablocks-block-96c90414-52ee-4999-9ed9-58dc7f025f19 .ablocks-button:hover { transition-duration:s; } .ablocks-block-96c90414-52ee-4999-9ed9-58dc7f025f19 .ablocks-icon-wrap { font-size:16px; } .ablocks-block-96c90414-52ee-4999-9ed9-58dc7f025f19 .ablocks-icon-wrap img.ablocks-image-icon { height:auto;width:16px; } .ablocks-block-96c90414-52ee-4999-9ed9-58dc7f025f19 .ablocks-icon-wrap svg.ablocks-svg-icon { fill:#69727d; } <\/style>\n<div class=\"ablocks-block ablocks-block-96c90414-52ee-4999-9ed9-58dc7f025f19 ablocks-block--button\"><a href=\"https:\/\/cppc-ccmp.ca\/wp-content\/uploads\/2026\/03\/Le-CCMP-et-le-BCI-2026.pdf\" target=\"_blank\" rel=\"noopener\" class=\"ablocks-button ablocks-button--md ablocks-button--icon-left\"><span class=\"ablocks-button__text\"><strong>T\u00c9L\u00c9CHARGER <\/strong><\/span><\/a><\/div>\n\n\n<style>.ablocks-block-2635a7ea-bf4c-43a9-88ef-550f233a6beb { position:relative;transition:border 0s ease,background 0s ease,box-shadow 0s ease; } .ablocks-block-2635a7ea-bf4c-43a9-88ef-550f233a6beb .ablocks-spacer__box { height:28px!important; } <\/style>\n<div class=\"ablocks-block ablocks-block-2635a7ea-bf4c-43a9-88ef-550f233a6beb ablocks-block--spacer\"><div class=\"ablocks-spacer__box\" style=\"height:28px;width:100%\"><\/div><\/div>\n\n\n<style>.ablocks-block-91bf7209-35da-4ca1-85f6-8775936e02c4 { position:relative;transition:border 0s ease,background 0s ease,box-shadow 0s ease; } .ablocks-block-91bf7209-35da-4ca1-85f6-8775936e02c4.ablocks-block--social-shares:not(.ablocks-has-container), .ablocks-block-91bf7209-35da-4ca1-85f6-8775936e02c4.ablocks-block--social-shares .ablocks-block-container { flex-direction:row;justify-content:center;gap:16px; } .ablocks-block-91bf7209-35da-4ca1-85f6-8775936e02c4 .ablocks-social-share { height:48px;width:48px; } .ablocks-block-91bf7209-35da-4ca1-85f6-8775936e02c4 .ablocks-social-share > .ablocks-svg-icon { fill:#170a1b!important;width:16px;height:16px; } .ablocks-block-91bf7209-35da-4ca1-85f6-8775936e02c4 .ablocks-social-share > .ablocks-svg-icon:hover { fill:!important; } .ablocks-block-91bf7209-35da-4ca1-85f6-8775936e02c4 .ablocks-social-share-item--icon { width:43px;height:42px; } .ablocks-block-91bf7209-35da-4ca1-85f6-8775936e02c4 .ablocks-social-share-item--icon>.ablocks-svg-icon { height:25px; } .ablocks-block-91bf7209-35da-4ca1-85f6-8775936e02c4 .ablocks-social-share-item--text { width:80px;height:42px; } <\/style>\n<div class=\"ablocks-block ablocks-block-91bf7209-35da-4ca1-85f6-8775936e02c4 ablocks-block--social-shares\"><button aria-label=\"Share on social media\" title=\"Share on social media\" class=\"ablocks-social-share\"><svg xmlns=\"http:\/\/www.w3.org\/2000\/svg\" viewBox=\"0 0 448 512\" class=\"ablocks-svg-icon\"><path d=\"M352 320c-22.608 0-43.387 7.819-59.79 20.895l-102.486-64.054a96.551 96.551 0 0 0 0-41.683l102.486-64.054C308.613 184.181 329.392 192 352 192c53.019 0 96-42.981 96-96S405.019 0 352 0s-96 42.981-96 96c0 7.158.79 14.13 2.276 20.841L155.79 180.895C139.387 167.819 118.608 160 96 160c-53.019 0-96 42.981-96 96s42.981 96 96 96c22.608 0 43.387-7.819 59.79-20.895l102.486 64.054A96.301 96.301 0 0 0 256 416c0 53.019 42.981 96 96 96s96-42.981 96-96-42.981-96-96-96z\"><\/path><\/svg><\/button><a data-windowspopup=\"false\" style=\"background:;--background-hover:#2d4373\" href=\"https:\/\/www.facebook.com\/sharer.php?u=\" target=\"_blank\" rel=\"noopener noreferrer\" class=\"ablocks-social-share-item ablocks-social-share-item--facebook-bg ablocks-social-share-item--rounded \"><span style=\"background:;--hover-icon-bg-color:\" class=\"ablocks-social-share-item--icon  ablocks-social-share-item--rounded \"><svg xmlns=\"http:\/\/www.w3.org\/2000\/svg\" viewBox=\"0 0 320 512\" class=\"ablocks-svg-icon\"><path d=\"M279.14 288l14.22-92.66h-88.91v-60.13c0-25.35 12.42-50.06 52.24-50.06h40.42V6.26S260.43 0 225.36 0c-73.22 0-121.08 44.38-121.08 124.72v70.62H22.89V288h81.39v224h100.17V288z\" style=\"fill:#ffffff\"><\/path><\/svg><\/span><span class=\"ablocks-social-share-item--text ablocks-social-share-item--rounded \" style=\"background:;--hover-text-bg-color:\">Facebook<\/span><\/a><a data-windowspopup=\"false\" style=\"background:;--background-hover:#0077b5\" href=\"https:\/\/www.linkedin.com\/feed\/?linkOrigin=LI_BADGE&amp;shareActive=true&amp;shareUrl=\" target=\"_blank\" rel=\"noopener noreferrer\" class=\"ablocks-social-share-item ablocks-social-share-item--linkedin-bg ablocks-social-share-item--rounded \"><span style=\"background:;--hover-icon-bg-color:\" class=\"ablocks-social-share-item--icon  ablocks-social-share-item--rounded \"><svg xmlns=\"http:\/\/www.w3.org\/2000\/svg\" viewBox=\"0 0 448 512\" class=\"ablocks-svg-icon\"><path d=\"M100.28 448H7.4V148.9h92.88zM53.79 108.1C24.09 108.1 0 83.5 0 53.8a53.79 53.79 0 0 1 107.58 0c0 29.7-24.1 54.3-53.79 54.3zM447.9 448h-92.68V302.4c0-34.7-.7-79.2-48.29-79.2-48.29 0-55.69 37.7-55.69 76.7V448h-92.78V148.9h89.08v40.8h1.3c12.4-23.5 42.69-48.3 87.88-48.3 94 0 111.28 61.9 111.28 142.3V448z\" style=\"fill:#ffffff\"><\/path><\/svg><\/span><span class=\"ablocks-social-share-item--text ablocks-social-share-item--rounded \" style=\"background:;--hover-text-bg-color:\">LinkedIn<\/span><\/a><\/div>\n\n\n<style>.ablocks-block-7c76712f-b5d8-4d52-90e9-3784940feb2d { position:relative;transition:border 0s ease,background 0s ease,box-shadow 0s ease; } .ablocks-block-7c76712f-b5d8-4d52-90e9-3784940feb2d .ablocks-spacer__box { height:28px!important; } <\/style>\n<div class=\"ablocks-block ablocks-block-7c76712f-b5d8-4d52-90e9-3784940feb2d ablocks-block--spacer\"><div class=\"ablocks-spacer__box\" style=\"height:28px;width:100%\"><\/div><\/div>\n\n\n<style>.ablocks-block-bc9bc446-570a-4ef9-9483-ecbdf4f73b8e { position:relative;transition:border 0s ease,background 0s ease,box-shadow 0s ease; } .ablocks-block-bc9bc446-570a-4ef9-9483-ecbdf4f73b8e.ablocks-block--divider:not(.ablocks-has-block-container), .ablocks-block--divider .ablocks-block-container { text-align:left; } .ablocks-block-bc9bc446-570a-4ef9-9483-ecbdf4f73b8e.ablocks-block--divider:not(.ablocks-has-block-container), .ablocks-block--divider .ablocks-block-container { padding-block-start:10px;padding-block-end:10px;justify-content:left; } @media screen and (max-width: 800px) { .ablocks-block-bc9bc446-570a-4ef9-9483-ecbdf4f73b8e .ablocks-divider { max-width:min(100%,100%); } } .ablocks-block-bc9bc446-570a-4ef9-9483-ecbdf4f73b8e .ablocks-divider__element-text { color:#000000;padding-right:0px;padding-left:0px; } .ablocks-block-bc9bc446-570a-4ef9-9483-ecbdf4f73b8e .ablocks-divider__element-icon .ablocks-icon-wrap { font-size:55px; } .ablocks-block-bc9bc446-570a-4ef9-9483-ecbdf4f73b8e .ablocks-divider__element-icon .ablocks-icon-wrap { font-size:55px;margin-left:0px;margin-right:0px; } .ablocks-block-bc9bc446-570a-4ef9-9483-ecbdf4f73b8e .ablocks-divider__element-icon .ablocks-icon-wrap img.ablocks-image-icon { height:auto;width:55px; } .ablocks-block-bc9bc446-570a-4ef9-9483-ecbdf4f73b8e .ablocks-divider__element-icon .ablocks-icon-wrap svg.ablocks-svg-icon { fill:#69727d; } <\/style>\n<div class=\"ablocks-block ablocks-block-bc9bc446-570a-4ef9-9483-ecbdf4f73b8e ablocks-block--divider\"><div class=\" ablocks-divider ablocks-divider__pattern-css \" style=\"--ablocks-divider-pattern-style:solid;--ablocks-divider-pattern-weight:4px;--ablocks-divider-pattern-color:#000000\"><\/div><\/div>\n\n\n<style>.ablocks-block-bd85f127-c298-4e80-8e28-6aaec4c26628 { position:relative;transition:border 0s ease,background 0s ease,box-shadow 0s ease; } .ablocks-block-bd85f127-c298-4e80-8e28-6aaec4c26628 .ablocks-spacer__box { height:28px!important; } <\/style>\n<div class=\"ablocks-block ablocks-block-bd85f127-c298-4e80-8e28-6aaec4c26628 ablocks-block--spacer\"><div class=\"ablocks-spacer__box\" style=\"height:28px;width:100%\"><\/div><\/div>\n\n\n\n<blockquote class=\"wp-block-quote is-layout-flow wp-block-quote-is-layout-flow\">\n<p><strong><strong>Contact m\u00e9dias du CCMP :<\/strong><\/strong><\/p>\n\n\n\n<p>Lynne Marleau<br>Gestionnaire communications et marketing<br>Conseil canadien des march\u00e9s publics<br><a href=\"mailto:lmarleau@cppc-ccmp.ca\">lmarleau@cppc-ccmp.ca<\/a><\/p>\n\n\n<style>.ablocks-block-43791901-996f-4666-a2be-56c87ec5982b { position:relative;transition:border 0s ease,background 0s ease,box-shadow 0s ease; } .ablocks-block-43791901-996f-4666-a2be-56c87ec5982b .ablocks-spacer__box { height:28px!important; } <\/style>\n<div class=\"ablocks-block ablocks-block-43791901-996f-4666-a2be-56c87ec5982b ablocks-block--spacer\"><div class=\"ablocks-spacer__box\" style=\"height:28px;width:100%\"><\/div><\/div>\n<\/blockquote>\n\n\n<style>.ablocks-block-89c7445e-8021-45d0-9d76-27ec6fbe5f23 { position:relative;transition:border 0s ease,background 0s ease,box-shadow 0s ease; } .ablocks-block-89c7445e-8021-45d0-9d76-27ec6fbe5f23 .ablocks-spacer__box { height:30px!important; } <\/style>\n<div class=\"ablocks-block ablocks-block-89c7445e-8021-45d0-9d76-27ec6fbe5f23 ablocks-block--spacer\"><div class=\"ablocks-spacer__box\" style=\"height:30px;width:100%\"><\/div><\/div>\n","protected":false},"excerpt":{"rendered":"<p>Le CCMP et le BCI concluent un partenariat pour renforcer les pratiques en approvisionnement des march\u00e9s publics au Qu\u00e9bec 31 mars 2026 &#8211; Le Conseil canadien des march\u00e9s publics (CCMP) est heureux d\u2019annoncer la signature d\u2019un nouveau partenariat strat\u00e9gique avec le Bureau de coop\u00e9ration interuniversitaire (BCI) du Qu\u00e9bec, une organisation cl\u00e9 du r\u00e9seau universitaire qu\u00e9b\u00e9cois. [&hellip;]<\/p>\n","protected":false},"author":1453,"featured_media":0,"parent":0,"menu_order":0,"comment_status":"closed","ping_status":"closed","template":"","meta":{"_acf_changed":false,"_monsterinsights_skip_tracking":false,"_monsterinsights_sitenote_active":false,"_monsterinsights_sitenote_note":"","_monsterinsights_sitenote_category":0,"footnotes":""},"class_list":["post-9964","page","type-page","status-publish","hentry"],"acf":[],"_links":{"self":[{"href":"https:\/\/cppc-ccmp.ca\/fr\/wp-json\/wp\/v2\/pages\/9964","targetHints":{"allow":["GET"]}}],"collection":[{"href":"https:\/\/cppc-ccmp.ca\/fr\/wp-json\/wp\/v2\/pages"}],"about":[{"href":"https:\/\/cppc-ccmp.ca\/fr\/wp-json\/wp\/v2\/types\/page"}],"author":[{"embeddable":true,"href":"https:\/\/cppc-ccmp.ca\/fr\/wp-json\/wp\/v2\/users\/1453"}],"replies":[{"embeddable":true,"href":"https:\/\/cppc-ccmp.ca\/fr\/wp-json\/wp\/v2\/comments?post=9964"}],"version-history":[{"count":8,"href":"https:\/\/cppc-ccmp.ca\/fr\/wp-json\/wp\/v2\/pages\/9964\/revisions"}],"predecessor-version":[{"id":9985,"href":"https:\/\/cppc-ccmp.ca\/fr\/wp-json\/wp\/v2\/pages\/9964\/revisions\/9985"}],"wp:attachment":[{"href":"https:\/\/cppc-ccmp.ca\/fr\/wp-json\/wp\/v2\/media?parent=9964"}],"curies":[{"name":"wp","href":"https:\/\/api.w.org\/{rel}","templated":true}]}}