{"id":780,"date":"2020-10-05T05:54:18","date_gmt":"2020-10-05T10:54:18","guid":{"rendered":"http:\/\/ccmp.gauthierchloe.com\/?page_id=780"},"modified":"2021-05-27T15:14:55","modified_gmt":"2021-05-27T20:14:55","slug":"renouveler-votre-adhesion","status":"publish","type":"page","link":"https:\/\/cppc-ccmp.ca\/fr\/ressources\/renouveler-votre-adhesion\/","title":{"rendered":"Renouveler votre adh\u00e9sion"},"content":{"rendered":"<h1>Renouvellement en ligne<\/h1>\n\n<div class=\"wpcf7 no-js\" id=\"wpcf7-f798-o1\" lang=\"fr-FR\" dir=\"ltr\" data-wpcf7-id=\"798\">\n<div class=\"screen-reader-response\"><p role=\"status\" aria-live=\"polite\" aria-atomic=\"true\"><\/p> <ul><\/ul><\/div>\n<form action=\"\/fr\/wp-json\/wp\/v2\/pages\/780#wpcf7-f798-o1\" method=\"post\" class=\"wpcf7-form init\" aria-label=\"Formulaire de contact\" novalidate=\"novalidate\" data-status=\"init\">\n<fieldset class=\"hidden-fields-container\"><input type=\"hidden\" name=\"_wpcf7\" value=\"798\" \/><input type=\"hidden\" name=\"_wpcf7_version\" value=\"6.1.2\" \/><input type=\"hidden\" name=\"_wpcf7_locale\" value=\"fr_FR\" \/><input type=\"hidden\" name=\"_wpcf7_unit_tag\" value=\"wpcf7-f798-o1\" \/><input type=\"hidden\" name=\"_wpcf7_container_post\" value=\"0\" \/><input type=\"hidden\" name=\"_wpcf7_posted_data_hash\" value=\"\" \/><input type=\"hidden\" name=\"_wpcf7_recaptcha_response\" value=\"\" \/>\n<\/fieldset>\n<div class=\"flexwrap\">\n\t<div>\n\t\t<p><label>Nom de l\u2019organisme<\/label><br \/>\n<span class=\"wpcf7-form-control-wrap\" data-name=\"your-organisme\"><input size=\"40\" maxlength=\"400\" class=\"wpcf7-form-control wpcf7-text wpcf7-validates-as-required\" aria-required=\"true\" aria-invalid=\"false\" value=\"\" type=\"text\" name=\"your-organisme\" \/><\/span>\n\t\t<\/p>\n\t<\/div>\n\t<div>\n\t\t<p><label>Num\u00e9ro d\u2019organisme<\/label><br \/>\n<span class=\"wpcf7-form-control-wrap\" data-name=\"your-numorganisme\"><input size=\"40\" maxlength=\"400\" class=\"wpcf7-form-control wpcf7-text wpcf7-validates-as-required\" aria-required=\"true\" aria-invalid=\"false\" value=\"\" type=\"text\" name=\"your-numorganisme\" \/><\/span>\n\t\t<\/p>\n\t<\/div>\n<\/div>\n<hr \/>\n<h4>Repr\u00e9sentant\n<\/h4>\n<p>Repr\u00e9sentant de votre organisme qui aura acc\u00e8s aux services du CCMP et qui a un droit de vote.<br \/>\n<hr \/><br \/>\n<label>Nom complet<\/label><br \/>\n<span class=\"wpcf7-form-control-wrap\" data-name=\"your-nom\"><input size=\"40\" maxlength=\"400\" class=\"wpcf7-form-control wpcf7-text wpcf7-validates-as-required\" aria-required=\"true\" aria-invalid=\"false\" value=\"\" type=\"text\" name=\"your-nom\" \/><\/span>\n<\/p>\n<div class=\"flexwrap\">\n\t<div>\n\t\t<p><label>Titre<\/label><br \/>\n<span class=\"wpcf7-form-control-wrap\" data-name=\"your-titre\"><input size=\"40\" maxlength=\"400\" class=\"wpcf7-form-control wpcf7-text\" aria-invalid=\"false\" value=\"\" type=\"text\" name=\"your-titre\" \/><\/span>\n\t\t<\/p>\n\t<\/div>\n\t<div>\n\t\t<p><label>Courriel<\/label><br \/>\n<span class=\"wpcf7-form-control-wrap\" data-name=\"your-email\"><input size=\"40\" maxlength=\"400\" class=\"wpcf7-form-control wpcf7-email wpcf7-validates-as-required wpcf7-text wpcf7-validates-as-email\" aria-required=\"true\" aria-invalid=\"false\" value=\"\" type=\"email\" name=\"your-email\" \/><\/span>\n\t\t<\/p>\n\t<\/div>\n<\/div>\n<div class=\"flexwrap\">\n\t<div>\n\t\t<p><label>Num\u00e9ro de t\u00e9l\u00e9phone<\/label><br \/>\n<span class=\"wpcf7-form-control-wrap\" data-name=\"your-phone\"><input size=\"40\" maxlength=\"400\" class=\"wpcf7-form-control wpcf7-tel wpcf7-validates-as-required wpcf7-text wpcf7-validates-as-tel\" aria-required=\"true\" aria-invalid=\"false\" value=\"\" type=\"tel\" name=\"your-phone\" \/><\/span>\n\t\t<\/p>\n\t<\/div>\n\t<div>\n\t\t<p><label>Poste<\/label><br \/>\n<span class=\"wpcf7-form-control-wrap\" data-name=\"your-poste\"><input size=\"40\" maxlength=\"400\" class=\"wpcf7-form-control wpcf7-text\" aria-invalid=\"false\" value=\"\" type=\"text\" name=\"your-poste\" \/><\/span>\n\t\t<\/p>\n\t<\/div>\n<\/div>\n<hr \/>\n<h4>Paiement\n<\/h4>\n<p>En soumettant ce formulaire, vos informations seront envoy\u00e9es et trait\u00e9es \u00e0 notre bureau afin de mettre \u00e0 jour notre base de donn\u00e9es des membres.<br \/>\n<hr \/>\n<\/p>\n<div class=\"flexwrap\">\n\t<div>\n\t\t<p><label>Total<\/label><br \/>\n<span class=\"wpcf7-form-control-wrap\" data-name=\"your-total\"><input size=\"40\" maxlength=\"400\" class=\"wpcf7-form-control wpcf7-text wpcf7-validates-as-required\" aria-required=\"true\" aria-invalid=\"false\" value=\"\" type=\"text\" name=\"your-total\" \/><\/span>\n\t\t<\/p>\n\t<\/div>\n\t<div>\n\t\t<p><label>Veuillez fournir l\u2019adresse courriel \u00e0 laquelle vous d\u00e9sirez recevoir le re\u00e7u une fois la transaction en ligne approuv\u00e9e.<\/label><br \/>\n<span class=\"wpcf7-form-control-wrap\" data-name=\"your-recuemail\"><input size=\"40\" maxlength=\"400\" class=\"wpcf7-form-control wpcf7-email wpcf7-validates-as-required wpcf7-text wpcf7-validates-as-email\" aria-required=\"true\" aria-invalid=\"false\" value=\"\" type=\"email\" name=\"your-recuemail\" \/><\/span>\n\t\t<\/p>\n\t<\/div>\n<\/div>\n<p>Questions? Si vous avez des questions, veuillez contacter Fran\u00e7ois Emond au 418-809-1543 ou communiquez avec le Conseil canadien des march\u00e9s publics \u00e0 l\u2019adresse courriel <a href=\"mailto:admin@cppc-ccmp.ca\">admin@cppc-ccmp.ca<\/a><br \/>\n<input class=\"wpcf7-form-control wpcf7-submit has-spinner\" type=\"submit\" value=\"Soumettre\" \/>\n<\/p><div class=\"wpcf7-response-output\" aria-hidden=\"true\"><\/div>\n<\/form>\n<\/div>\n\n","protected":false},"excerpt":{"rendered":"<p>Renouvellement en ligne<\/p>\n","protected":false},"author":1,"featured_media":0,"parent":661,"menu_order":0,"comment_status":"closed","ping_status":"closed","template":"renouvellement.php","meta":{"_acf_changed":false,"_monsterinsights_skip_tracking":false,"_monsterinsights_sitenote_active":false,"_monsterinsights_sitenote_note":"","_monsterinsights_sitenote_category":0,"footnotes":""},"class_list":["post-780","page","type-page","status-publish","hentry"],"acf":[],"_links":{"self":[{"href":"https:\/\/cppc-ccmp.ca\/fr\/wp-json\/wp\/v2\/pages\/780","targetHints":{"allow":["GET"]}}],"collection":[{"href":"https:\/\/cppc-ccmp.ca\/fr\/wp-json\/wp\/v2\/pages"}],"about":[{"href":"https:\/\/cppc-ccmp.ca\/fr\/wp-json\/wp\/v2\/types\/page"}],"author":[{"embeddable":true,"href":"https:\/\/cppc-ccmp.ca\/fr\/wp-json\/wp\/v2\/users\/1"}],"replies":[{"embeddable":true,"href":"https:\/\/cppc-ccmp.ca\/fr\/wp-json\/wp\/v2\/comments?post=780"}],"version-history":[{"count":6,"href":"https:\/\/cppc-ccmp.ca\/fr\/wp-json\/wp\/v2\/pages\/780\/revisions"}],"predecessor-version":[{"id":1791,"href":"https:\/\/cppc-ccmp.ca\/fr\/wp-json\/wp\/v2\/pages\/780\/revisions\/1791"}],"up":[{"embeddable":true,"href":"https:\/\/cppc-ccmp.ca\/fr\/wp-json\/wp\/v2\/pages\/661"}],"wp:attachment":[{"href":"https:\/\/cppc-ccmp.ca\/fr\/wp-json\/wp\/v2\/media?parent=780"}],"curies":[{"name":"wp","href":"https:\/\/api.w.org\/{rel}","templated":true}]}}