{"id":75,"date":"2020-08-08T03:34:59","date_gmt":"2020-08-08T03:34:59","guid":{"rendered":"http:\/\/ccmp.gauthierchloe.com\/?page_id=75"},"modified":"2020-11-05T00:04:55","modified_gmt":"2020-11-05T05:04:55","slug":"connexion","status":"publish","type":"page","link":"https:\/\/cppc-ccmp.ca\/fr\/connexion\/","title":{"rendered":"Connexion"},"content":{"rendered":"\r\n<h4 class=\"wp-block-heading\">VOUS \u00caTES MEMBRE? CONNECTEZ-VOUS !\u00a0<\/h4>\r\n\r\n\r\n\r\n<p>Notre site internet contient une section accessible \u00e0 nos membres seulement dans laquelle ceux-ci pourront trouver une foule d\u2019informations pertinentes.\u00a0<\/p>\r\n\r\n\r\n\r\n<h4 class=\"wp-block-heading\">VOUS AVEZ D\u00c9J\u00c0 UN PROFIL\u00a0<\/h4>\r\n\r\n\r\n\r\n<p>Si votre organisation est d\u00e9j\u00e0 membre et que vous avez d\u00e9j\u00e0 un profil d\u2019usager, vous pouvez acc\u00e9der \u00e0 cette section en inscrivant votre code d\u2019usager (Username) et mot de passe (Password\/Mot de passe). Veuillez prendre note que les informations associ\u00e9es aux codes d\u2019usagers et mots de passe sont confidentielles et le CCMP ne conserve aucune de ces informations et ne peut par cons\u00e9quent les fournir en cas de perte.<\/p>\r\n","protected":false},"excerpt":{"rendered":"<p>VOUS \u00caTES MEMBRE? CONNECTEZ-VOUS !\u00a0 Notre site internet contient une section accessible \u00e0 nos membres seulement dans laquelle ceux-ci pourront trouver une foule d\u2019informations pertinentes.\u00a0 VOUS AVEZ D\u00c9J\u00c0 UN PROFIL\u00a0 Si votre organisation est d\u00e9j\u00e0 membre et que vous avez d\u00e9j\u00e0 un profil d\u2019usager, vous pouvez acc\u00e9der \u00e0 cette section en inscrivant votre code d\u2019usager [&hellip;]<\/p>\n","protected":false},"author":1,"featured_media":0,"parent":0,"menu_order":0,"comment_status":"closed","ping_status":"closed","template":"connexion.php","meta":{"_acf_changed":false,"_monsterinsights_skip_tracking":false,"_monsterinsights_sitenote_active":false,"_monsterinsights_sitenote_note":"","_monsterinsights_sitenote_category":0,"footnotes":""},"class_list":["post-75","page","type-page","status-publish","hentry"],"acf":[],"_links":{"self":[{"href":"https:\/\/cppc-ccmp.ca\/fr\/wp-json\/wp\/v2\/pages\/75","targetHints":{"allow":["GET"]}}],"collection":[{"href":"https:\/\/cppc-ccmp.ca\/fr\/wp-json\/wp\/v2\/pages"}],"about":[{"href":"https:\/\/cppc-ccmp.ca\/fr\/wp-json\/wp\/v2\/types\/page"}],"author":[{"embeddable":true,"href":"https:\/\/cppc-ccmp.ca\/fr\/wp-json\/wp\/v2\/users\/1"}],"replies":[{"embeddable":true,"href":"https:\/\/cppc-ccmp.ca\/fr\/wp-json\/wp\/v2\/comments?post=75"}],"version-history":[{"count":16,"href":"https:\/\/cppc-ccmp.ca\/fr\/wp-json\/wp\/v2\/pages\/75\/revisions"}],"predecessor-version":[{"id":870,"href":"https:\/\/cppc-ccmp.ca\/fr\/wp-json\/wp\/v2\/pages\/75\/revisions\/870"}],"wp:attachment":[{"href":"https:\/\/cppc-ccmp.ca\/fr\/wp-json\/wp\/v2\/media?parent=75"}],"curies":[{"name":"wp","href":"https:\/\/api.w.org\/{rel}","templated":true}]}}