{"id":5809,"date":"2025-05-22T13:37:32","date_gmt":"2025-05-22T18:37:32","guid":{"rendered":"https:\/\/cppc-ccmp.ca\/?page_id=5809"},"modified":"2025-08-06T14:16:34","modified_gmt":"2025-08-06T19:16:34","slug":"ia","status":"publish","type":"page","link":"https:\/\/cppc-ccmp.ca\/fr\/ia\/","title":{"rendered":"IA CCMP &#8211; Bienvenue dans la matrice"},"content":{"rendered":"<style>\np strong {font-size: 18px;}\np {font-size: 18px;}\nli {font-size: 18px;}\nh2 strong {\nfont-size: 22px;\ncolor: rgb(255,75,9);\n}\na {\nfont-size: 18px;\ncolor: rgb(255,75,9)\n}\n.wp-block-heading {\nfont-size: 22px;\ncolor: rgb(12,92,105);\n}\n<\/Style>\n\n\n<p>L'intelligence artificielle transforme l'approvisionnement public en rationalisant les processus, en am\u00e9liorant la prise de d\u00e9cision et en optimisant les co\u00fbts. De l\u2019analyse pr\u00e9dictive \u00e0 la gestion automatis\u00e9e des fournisseurs, l\u2019IA permet aux \u00e9quipes d'approvisionnement de gagner en rapidit\u00e9, en pr\u00e9cision et en vision strat\u00e9gique. D\u00e9couvrez comment l\u2019IA red\u00e9finit l\u2019avenir de l'approvisionnement public et g\u00e9n\u00e8re de nouvelles sources de valeur pour les organisations.<\/p>\n\n\n\n<p>Le CCMP collabore avec <a href=\"http:\/\/govai.com\" data-type=\"link\" data-id=\"govai.com\">GovAI <\/a>pour offrir un espace s\u00e9curis\u00e9 d\u00e9di\u00e9 \u00e0 l\u2019IA aux professionnels du secteur public comme vous. Enrichi par un forum de discussion appel\u00e9 \"CPPC Collaborative Space\", <a href=\"http:\/\/govai.com\" data-type=\"link\" data-id=\"govai.com\">GovAI <\/a>d\u00e9veloppe des outils pour vous aider dans vos t\u00e2ches quotidiennes.<\/p>\n\n\n\n<p>Voici un aper\u00e7u de ce que nous avons planifi\u00e9 :<\/p>\n\n\n\n<h2 class=\"wp-block-heading\">Lancement et sensibilisation (Mai \u2013 Juin 2025)<\/h2>\n\n\n\n<ul class=\"wp-block-list\">\n<li>Recevez nos premi\u00e8res communications et explorez nos ressources en ligne d\u00e9di\u00e9es.<\/li>\n<\/ul>\n\n\n\n<h2 class=\"wp-block-heading\">Campagne \u00e9ducative (Juin \u2013 Juillet 2025)<\/h2>\n\n\n\n<ul class=\"wp-block-list\">\n<li>Assistez \u00e0 notre webinaire \"IA 101 et approvisionnement\" et participez \u00e0 notre <a href=\"https:\/\/cppc-ccmp.ca\/fr\/ia2\/\">quiz ludique<\/a> (maintenant en ligne!) pour tester vos connaissances.<\/li>\n<\/ul>\n\n\n\n<h2 class=\"wp-block-heading\">Pr\u00e9sentation des outils GovAI (Ao\u00fbt 2025)<\/h2>\n\n\n\n<ul class=\"wp-block-list\">\n<li>Participez \u00e0 nos d\u00e9monstrations en ligne et d\u00e9couvrez les guides et vid\u00e9os explicatifs disponibles sur notre site.<\/li>\n<\/ul>\n","protected":false},"excerpt":{"rendered":"<p>L&rsquo;intelligence artificielle transforme l&rsquo;approvisionnement public en rationalisant les processus, en am\u00e9liorant la prise de d\u00e9cision et en optimisant les co\u00fbts. De l\u2019analyse pr\u00e9dictive \u00e0 la gestion automatis\u00e9e des fournisseurs, l\u2019IA permet aux \u00e9quipes d&rsquo;approvisionnement de gagner en rapidit\u00e9, en pr\u00e9cision et en vision strat\u00e9gique. D\u00e9couvrez comment l\u2019IA red\u00e9finit l\u2019avenir de l&rsquo;approvisionnement public et g\u00e9n\u00e8re de [&hellip;]<\/p>\n","protected":false},"author":11,"featured_media":0,"parent":0,"menu_order":0,"comment_status":"closed","ping_status":"closed","template":"","meta":{"_acf_changed":false,"_monsterinsights_skip_tracking":false,"_monsterinsights_sitenote_active":false,"_monsterinsights_sitenote_note":"","_monsterinsights_sitenote_category":0,"footnotes":""},"class_list":["post-5809","page","type-page","status-publish","hentry"],"acf":[],"_links":{"self":[{"href":"https:\/\/cppc-ccmp.ca\/fr\/wp-json\/wp\/v2\/pages\/5809","targetHints":{"allow":["GET"]}}],"collection":[{"href":"https:\/\/cppc-ccmp.ca\/fr\/wp-json\/wp\/v2\/pages"}],"about":[{"href":"https:\/\/cppc-ccmp.ca\/fr\/wp-json\/wp\/v2\/types\/page"}],"author":[{"embeddable":true,"href":"https:\/\/cppc-ccmp.ca\/fr\/wp-json\/wp\/v2\/users\/11"}],"replies":[{"embeddable":true,"href":"https:\/\/cppc-ccmp.ca\/fr\/wp-json\/wp\/v2\/comments?post=5809"}],"version-history":[{"count":18,"href":"https:\/\/cppc-ccmp.ca\/fr\/wp-json\/wp\/v2\/pages\/5809\/revisions"}],"predecessor-version":[{"id":6410,"href":"https:\/\/cppc-ccmp.ca\/fr\/wp-json\/wp\/v2\/pages\/5809\/revisions\/6410"}],"wp:attachment":[{"href":"https:\/\/cppc-ccmp.ca\/fr\/wp-json\/wp\/v2\/media?parent=5809"}],"curies":[{"name":"wp","href":"https:\/\/api.w.org\/{rel}","templated":true}]}}