{"id":57,"date":"2020-08-08T00:12:05","date_gmt":"2020-08-08T00:12:05","guid":{"rendered":"http:\/\/ccmp.gauthierchloe.com\/?page_id=57"},"modified":"2026-02-23T15:47:46","modified_gmt":"2026-02-23T20:47:46","slug":"activites-de-nos-partenaires","status":"publish","type":"page","link":"https:\/\/cppc-ccmp.ca\/fr\/evenements\/activites-de-nos-partenaires\/","title":{"rendered":"\u00c9v\u00e9nements \u00e0 venir"},"content":{"rendered":"","protected":false},"excerpt":{"rendered":"","protected":false},"author":1,"featured_media":0,"parent":55,"menu_order":0,"comment_status":"closed","ping_status":"closed","template":"activites-partenaires.php","meta":{"_acf_changed":false,"_monsterinsights_skip_tracking":false,"_monsterinsights_sitenote_active":false,"_monsterinsights_sitenote_note":"","_monsterinsights_sitenote_category":0,"footnotes":""},"class_list":["post-57","page","type-page","status-publish","hentry"],"acf":[],"_links":{"self":[{"href":"https:\/\/cppc-ccmp.ca\/fr\/wp-json\/wp\/v2\/pages\/57","targetHints":{"allow":["GET"]}}],"collection":[{"href":"https:\/\/cppc-ccmp.ca\/fr\/wp-json\/wp\/v2\/pages"}],"about":[{"href":"https:\/\/cppc-ccmp.ca\/fr\/wp-json\/wp\/v2\/types\/page"}],"author":[{"embeddable":true,"href":"https:\/\/cppc-ccmp.ca\/fr\/wp-json\/wp\/v2\/users\/1"}],"replies":[{"embeddable":true,"href":"https:\/\/cppc-ccmp.ca\/fr\/wp-json\/wp\/v2\/comments?post=57"}],"version-history":[{"count":53,"href":"https:\/\/cppc-ccmp.ca\/fr\/wp-json\/wp\/v2\/pages\/57\/revisions"}],"predecessor-version":[{"id":9276,"href":"https:\/\/cppc-ccmp.ca\/fr\/wp-json\/wp\/v2\/pages\/57\/revisions\/9276"}],"up":[{"embeddable":true,"href":"https:\/\/cppc-ccmp.ca\/fr\/wp-json\/wp\/v2\/pages\/55"}],"wp:attachment":[{"href":"https:\/\/cppc-ccmp.ca\/fr\/wp-json\/wp\/v2\/media?parent=57"}],"curies":[{"name":"wp","href":"https:\/\/api.w.org\/{rel}","templated":true}]}}