{"id":41,"date":"2020-08-07T02:18:18","date_gmt":"2020-08-07T02:18:18","guid":{"rendered":"http:\/\/ccmp.gauthierchloe.com\/?page_id=41"},"modified":"2025-09-19T10:56:31","modified_gmt":"2025-09-19T15:56:31","slug":"contactez-nous","status":"publish","type":"page","link":"https:\/\/cppc-ccmp.ca\/fr\/contactez-nous\/","title":{"rendered":"Contactez-nous"},"content":{"rendered":"\n<p><strong>Pour plus de renseignements concernant le CCMP, veuillez communiquer avec :<\/strong><\/p>\n\n\n\n<p><br><strong>Fran\u00e7ois \u00c9mond<\/strong><br>Directeur g\u00e9n\u00e9ral<br><a href=\"mailto:femond@cppc-ccmp.ca\">femond@cppc-ccmp.ca<\/a><\/p>\n\n\n\n<p><strong>Kimberley Murphy<\/strong><br>Pr\u00e9sidente<br><a href=\"mailto:president@cppc-ccmp.ca\">president@cppc-ccmp.ca<\/a><\/p>\n\n\n\n<p><strong>Joannie Blais<br><\/strong>Assistante Ex\u00e9cutive<strong><br><\/strong><a href=\"Courriel: jblais@cppc-ccmp.ca\">jblais@cppc-ccmp.ca<\/a><\/p>\n\n\n\n<p><strong>\u00c9ric Blanchette-Ouellet<br><\/strong>Gestionnaire formation et exp\u00e9rience membres<strong><br><\/strong><a href=\"mailto:eric@cppc-ccmp.ca\" data-type=\"mailto\" data-id=\"mailto:eric@cppc-ccmp.ca\">eric@cppc-ccmp.ca<\/a><\/p>\n\n\n\n<p><strong>Lynne Marleau<br><\/strong>Gestionnaire marketing et communications<strong><br><\/strong><a href=\"mailto:lmarleau@cppc-ccmp.ca\" data-type=\"mailto\" data-id=\"mailto:lmarleau@cppc-ccmp.ca\">lmarleau@cppc-ccmp.ca<\/a><\/p>\n\n\n\n<p><\/p>\n","protected":false},"excerpt":{"rendered":"<p>Pour plus de renseignements concernant le CCMP, veuillez communiquer avec : Fran\u00e7ois \u00c9mondDirecteur g\u00e9n\u00e9ralfemond@cppc-ccmp.ca Kimberley MurphyPr\u00e9sidentepresident@cppc-ccmp.ca Joannie BlaisAssistante Ex\u00e9cutivejblais@cppc-ccmp.ca \u00c9ric Blanchette-OuelletGestionnaire formation et exp\u00e9rience membreseric@cppc-ccmp.ca Lynne MarleauGestionnaire marketing et communicationslmarleau@cppc-ccmp.ca<\/p>\n","protected":false},"author":1,"featured_media":0,"parent":0,"menu_order":0,"comment_status":"closed","ping_status":"closed","template":"contact.php","meta":{"_acf_changed":false,"_monsterinsights_skip_tracking":false,"_monsterinsights_sitenote_active":false,"_monsterinsights_sitenote_note":"","_monsterinsights_sitenote_category":0,"footnotes":""},"class_list":["post-41","page","type-page","status-publish","hentry"],"acf":[],"_links":{"self":[{"href":"https:\/\/cppc-ccmp.ca\/fr\/wp-json\/wp\/v2\/pages\/41","targetHints":{"allow":["GET"]}}],"collection":[{"href":"https:\/\/cppc-ccmp.ca\/fr\/wp-json\/wp\/v2\/pages"}],"about":[{"href":"https:\/\/cppc-ccmp.ca\/fr\/wp-json\/wp\/v2\/types\/page"}],"author":[{"embeddable":true,"href":"https:\/\/cppc-ccmp.ca\/fr\/wp-json\/wp\/v2\/users\/1"}],"replies":[{"embeddable":true,"href":"https:\/\/cppc-ccmp.ca\/fr\/wp-json\/wp\/v2\/comments?post=41"}],"version-history":[{"count":21,"href":"https:\/\/cppc-ccmp.ca\/fr\/wp-json\/wp\/v2\/pages\/41\/revisions"}],"predecessor-version":[{"id":6966,"href":"https:\/\/cppc-ccmp.ca\/fr\/wp-json\/wp\/v2\/pages\/41\/revisions\/6966"}],"wp:attachment":[{"href":"https:\/\/cppc-ccmp.ca\/fr\/wp-json\/wp\/v2\/media?parent=41"}],"curies":[{"name":"wp","href":"https:\/\/api.w.org\/{rel}","templated":true}]}}