{"id":35,"date":"2020-08-07T02:17:03","date_gmt":"2020-08-07T02:17:03","guid":{"rendered":"http:\/\/ccmp.gauthierchloe.com\/?page_id=35"},"modified":"2025-09-22T12:17:54","modified_gmt":"2025-09-22T17:17:54","slug":"adhesion","status":"publish","type":"page","link":"https:\/\/cppc-ccmp.ca\/fr\/adhesion\/","title":{"rendered":"Adh\u00e9sion"},"content":{"rendered":"<h2>Cat\u00e9gories de Membres<\/h2>\n<h4>Organismes publics canadiens<\/h4>\n<p>Les frais d\u2019adh\u00e9sion sont bas\u00e9s sur la taille du d\u00e9partement d\u2019approvisionnement.<\/p>\n<p><strong>Agence \u2013 Type A \u00a0 \u00a0 (Frais annuels:\u00a0 $325.00)<\/strong><\/p>\n<p>3 employ\u00e9s d\u2019approvisionnement ou moins \u2013 1 repr\u00e9sentant avec droit de vote + jusqu\u2019\u00e0 2 membres suppl\u00e9mentaires ayant acc\u00e8s aux services seulement<\/p>\n<p><strong>Agence \u2013 Type B \u00a0 \u00a0 (Frais annuels:\u00a0 $525.00)<\/strong><\/p>\n<p>4 \u00e0 10 employ\u00e9s d\u2019approvisionnement ou moins \u2013 1 repr\u00e9sentant avec droit de vote + jusqu\u2019\u00e0 9 membres suppl\u00e9mentaires ayant acc\u00e8s aux services seulement<\/p>\n<p><strong>Agence \u2013 Type C \u00a0 \u00a0 (Frais annuels:\u00a0 $750.00)<\/strong><\/p>\n<p>11 \u00e0 50 employ\u00e9s d\u2019approvisionnement \u2013 1 repr\u00e9sentant avec droit de vote + jusqu\u2019\u00e0 49 membres suppl\u00e9mentaires ayant acc\u00e8s aux services seulement<\/p>\n<p><strong>Agence \u2013 Type D \u00a0 \u00a0 (Frais annuels:\u00a0 $1000.00)<\/strong><\/p>\n<p>Plus de 50 employ\u00e9s charg\u00e9s d\u2019approvisionnement \u2013 1 repr\u00e9sentant avec droit de vote + un nombre illimit\u00e9 de membres suppl\u00e9mentaires ayant acc\u00e8s aux services seulement<\/p>\n<p><strong>Individu \u2013 Retrait\u00e9 ou \u00c9tudiant \u00a0 \u00a0 (Frais annuels:\u00a0 $100.00)<\/strong><\/p>\n<p>1, acc\u00e8s aux services seulement<\/p>\n<p><strong>Organisation internationale \u00a0 \u00a0 (Frais annuels:\u00a0 $500.00 en devise canadienne)<\/strong><\/p>\n<p>Ouvert \u00e0 toute agence publique de l\u2019ext\u00e9rieur du Canada<\/p>\n<h4>Secteur priv\u00e9 \u00a0 \u00a0 (Frais annuels:\u00a0 $2000.00)<\/h4>\n<p>Ouvert \u00e0 toute organisation priv\u00e9e ayant une place d\u2019affaires au Canada<\/p>\n<p><a href=\"http:\/\/cppc-ccmp.ca\/wp-content\/uploads\/2020\/11\/Brochure-CPPC-CCMP_Membre-Prive\u0301_FR.pdf\" target=\"_blank\" rel=\"noopener noreferrer\">T\u00e9l\u00e9chargez notre brochure<\/a><\/p>\n<hr \/>\n<p>Toutes les demandes d\u2019adh\u00e9sion de toutes cat\u00e9gories sont sujettes \u00e0 l\u2019approbation du conseil d\u2019administration du CCMP.<\/p>\n<p class=\"p1\">\u00a0<a href=\"http:\/\/cppc-ccmp.ca\/contactez-nous\/\">Contactez-nous!<\/a><\/p>\n","protected":false},"excerpt":{"rendered":"<p>Cat\u00e9gories de Membres Organismes publics canadiens Les frais d\u2019adh\u00e9sion sont bas\u00e9s sur la taille du d\u00e9partement d\u2019approvisionnement. Agence \u2013 Type A \u00a0 \u00a0 (Frais annuels:\u00a0 $325.00) 3 employ\u00e9s d\u2019approvisionnement ou moins \u2013 1 repr\u00e9sentant avec droit de vote + jusqu\u2019\u00e0 2 membres suppl\u00e9mentaires ayant acc\u00e8s aux services seulement Agence \u2013 Type B \u00a0 \u00a0 (Frais [&hellip;]<\/p>\n","protected":false},"author":1,"featured_media":0,"parent":0,"menu_order":0,"comment_status":"closed","ping_status":"closed","template":"adhesion.php","meta":{"_acf_changed":false,"_monsterinsights_skip_tracking":false,"_monsterinsights_sitenote_active":false,"_monsterinsights_sitenote_note":"","_monsterinsights_sitenote_category":0,"footnotes":""},"class_list":["post-35","page","type-page","status-publish","hentry"],"acf":[],"_links":{"self":[{"href":"https:\/\/cppc-ccmp.ca\/fr\/wp-json\/wp\/v2\/pages\/35","targetHints":{"allow":["GET"]}}],"collection":[{"href":"https:\/\/cppc-ccmp.ca\/fr\/wp-json\/wp\/v2\/pages"}],"about":[{"href":"https:\/\/cppc-ccmp.ca\/fr\/wp-json\/wp\/v2\/types\/page"}],"author":[{"embeddable":true,"href":"https:\/\/cppc-ccmp.ca\/fr\/wp-json\/wp\/v2\/users\/1"}],"replies":[{"embeddable":true,"href":"https:\/\/cppc-ccmp.ca\/fr\/wp-json\/wp\/v2\/comments?post=35"}],"version-history":[{"count":25,"href":"https:\/\/cppc-ccmp.ca\/fr\/wp-json\/wp\/v2\/pages\/35\/revisions"}],"predecessor-version":[{"id":7000,"href":"https:\/\/cppc-ccmp.ca\/fr\/wp-json\/wp\/v2\/pages\/35\/revisions\/7000"}],"wp:attachment":[{"href":"https:\/\/cppc-ccmp.ca\/fr\/wp-json\/wp\/v2\/media?parent=35"}],"curies":[{"name":"wp","href":"https:\/\/api.w.org\/{rel}","templated":true}]}}