{"id":33,"date":"2020-08-07T02:16:42","date_gmt":"2020-08-07T02:16:42","guid":{"rendered":"http:\/\/ccmp.gauthierchloe.com\/?page_id=33"},"modified":"2026-03-23T11:21:33","modified_gmt":"2026-03-23T16:21:33","slug":"carrieres","status":"publish","type":"page","link":"https:\/\/cppc-ccmp.ca\/fr\/carrieres\/","title":{"rendered":"Carri\u00e8res"},"content":{"rendered":"<h3>Si vous d\u00e9sirez publier une offre d\u2019emploi veuillez nous envoyer une copie des documents suivants \u00e0 l\u2019adresse courriel <a href=\"mailto:admin@cppc-ccmp.ca\">admin@cppc-ccmp.ca<\/a> :<\/h3>\n<ol>\n<li>Une copie de votre offre d\u2019emploi (Word ou format PDF);<\/li>\n<li>Une copie du lien o\u00f9 les candidats int\u00e9ress\u00e9s peuvent acc\u00e9der directement \u00e0 la section carri\u00e8re de votre site Web pour plus d\u2019information sur la mani\u00e8re de postuler;<\/li>\n<li>Une copie du logo de votre organisation (format jpeg).<\/li>\n<\/ol>\n<p><strong>NOS PARTENAIRES SONT TOUJOURS \u00c0 LA RECHERCHE DE MAIN D&rsquo;OEUVRE QUALIFI\u00c9E POUR COMBLER DIVERS POSTES! CONSULTEZ LES OPPORTUNIT\u00c9S DE CARRI\u00c8RE DISPONIBLES!<\/strong><\/p>\n","protected":false},"excerpt":{"rendered":"<p>Si vous d\u00e9sirez publier une offre d\u2019emploi veuillez nous envoyer une copie des documents suivants \u00e0 l\u2019adresse courriel admin@cppc-ccmp.ca : Une copie de votre offre d\u2019emploi (Word ou format PDF); Une copie du lien o\u00f9 les candidats int\u00e9ress\u00e9s peuvent acc\u00e9der directement \u00e0 la section carri\u00e8re de votre site Web pour plus d\u2019information sur la mani\u00e8re [&hellip;]<\/p>\n","protected":false},"author":1,"featured_media":0,"parent":0,"menu_order":0,"comment_status":"closed","ping_status":"closed","template":"carrieres.php","meta":{"_acf_changed":false,"_monsterinsights_skip_tracking":false,"_monsterinsights_sitenote_active":false,"_monsterinsights_sitenote_note":"","_monsterinsights_sitenote_category":0,"footnotes":""},"class_list":["post-33","page","type-page","status-publish","hentry"],"acf":[],"_links":{"self":[{"href":"https:\/\/cppc-ccmp.ca\/fr\/wp-json\/wp\/v2\/pages\/33","targetHints":{"allow":["GET"]}}],"collection":[{"href":"https:\/\/cppc-ccmp.ca\/fr\/wp-json\/wp\/v2\/pages"}],"about":[{"href":"https:\/\/cppc-ccmp.ca\/fr\/wp-json\/wp\/v2\/types\/page"}],"author":[{"embeddable":true,"href":"https:\/\/cppc-ccmp.ca\/fr\/wp-json\/wp\/v2\/users\/1"}],"replies":[{"embeddable":true,"href":"https:\/\/cppc-ccmp.ca\/fr\/wp-json\/wp\/v2\/comments?post=33"}],"version-history":[{"count":61,"href":"https:\/\/cppc-ccmp.ca\/fr\/wp-json\/wp\/v2\/pages\/33\/revisions"}],"predecessor-version":[{"id":9623,"href":"https:\/\/cppc-ccmp.ca\/fr\/wp-json\/wp\/v2\/pages\/33\/revisions\/9623"}],"wp:attachment":[{"href":"https:\/\/cppc-ccmp.ca\/fr\/wp-json\/wp\/v2\/media?parent=33"}],"curies":[{"name":"wp","href":"https:\/\/api.w.org\/{rel}","templated":true}]}}