{"id":29,"date":"2020-08-07T02:16:04","date_gmt":"2020-08-07T02:16:04","guid":{"rendered":"http:\/\/ccmp.gauthierchloe.com\/?page_id=29"},"modified":"2025-06-03T13:41:27","modified_gmt":"2025-06-03T18:41:27","slug":"faq","status":"publish","type":"page","link":"https:\/\/cppc-ccmp.ca\/fr\/faq\/","title":{"rendered":"Foire aux questions"},"content":{"rendered":"<ul>\n<li>Quels sont les objectifs du Conseil canadien des march\u00e9s publics (CCMP)?\n<ul>\n<li><strong>Le CCMP est un organisme \u00e0 but non lucratif ayant les objectifs principaux suivants :<\/strong>\n<ul>\n<li>fournir le leadership appropri\u00e9 et promouvoir le dialogue dans les march\u00e9s publics;<\/li>\n<li>ajouter de la valeur \u00e0 la fonction de gestion de la cha\u00eene d\u2019approvisionnement de nos organismes membres;<\/li>\n<li>\u00e9changer des id\u00e9es, de l\u2019information et des exp\u00e9riences relatives aux activit\u00e9s d\u2019approvisionnement; and<\/li>\n<li>examiner les impacts op\u00e9rationnels des politiques et des pratiques \u00e9mergentes dans les march\u00e9s publics, y compris les accords commerciaux, le march\u00e9 \u00e9lectronique et les partenariats public-priv\u00e9.<\/li>\n<\/ul>\n<\/li>\n<\/ul>\n<\/li>\n<li>Qui est \u00e9ligible \u00e0 \u00eatre un membre du CCMP?\n<ul>\n<li>L\u2019adh\u00e9sion au CCMP est ouverte \u00e0 tous les organismes publics et parapublics de tous les ordres gouvernementaux au Canada (gouvernement f\u00e9d\u00e9ral, provincial et territorial, soci\u00e9t\u00e9 d\u2019\u00e9tat, agence municipale, universitaire, sociale et de sant\u00e9.<\/li>\n<\/ul>\n<\/li>\n<li>Qui g\u00e8re les activit\u00e9s du CCMP?\n<ul>\n<li>Conform\u00e9ment aux r\u00e8glements du CCMP, les membres \u00e9lisent un conseil d\u2019administration parmi toutes les organisations membres. Les r\u00e8glements mentionnent que le conseil d\u2019administration est constitu\u00e9 de 16 membres. Pour s\u2019assurer que tout les secteurs sont repr\u00e9sent\u00e9s, trois membres sont \u00e9lus dans chacun des cinq secteurs indiqu\u00e9s ci-dessus. Le seizi\u00e8me membre du conseil est le Directeur G\u00e9n\u00e9ral. De plus, il ne peut y avoir plus de cinq membres d\u2019une m\u00eame province ou territoire.<\/li>\n<\/ul>\n<\/li>\n<li>Est-ce que les individus peuvent se joindre au CCMP?\n<ul>\n<li>Tout individu ayant pris sa retraite de la communaut\u00e9 des march\u00e9s publics et tout \u00e9tudiant qui d\u00e9sire faire carri\u00e8re dans le domaine des march\u00e9s publics peuvent se joindre au CCMP gr\u00e2ce \u00e0 une adh\u00e9sion individuelle. Cependant, les individus n\u2019ont pas de droit de vote. Seules les organisations membres ont le droit de vote.<\/li>\n<\/ul>\n<\/li>\n<li>Quels sont les frais d\u2019une adh\u00e9sion?\n<ul>\n<li>Les frais annuels d\u2019une adh\u00e9sion pour les organisations et leurs employ\u00e9s (ou pour les individus) sont d\u00e9taill\u00e9s dans la section Cat\u00e9gories de membres.<\/li>\n<\/ul>\n<\/li>\n<li>Quels sont les b\u00e9n\u00e9fices d\u2019une adh\u00e9sion au CCMP?\n<ul>\n<li><strong>En tant que membre du CCMP, vous recevrez\u2026<\/strong>\n<ul>\n<li>des invitations \u00e0 de ateliers, s\u00e9minaires et s\u00e9ances d\u2019information avec des personnes cl\u00e9s dans le domaine de l\u2019approvisionnement public au Canada;<\/li>\n<li>le tableau d\u2019affichage des offres d\u2019emploi du CCMP pour afficher de nouveaux postes au sein de votre organisation ou pour aviser les nouvelles possibilit\u00e9s d\u2019emploi disponibles pour poursuivre votre carri\u00e8re;<\/li>\n<li>des liens rapides vers des organisations qui peuvent vous fournir du support dans vos d\u00e9fis de tous les jours;<\/li>\n<li>des contacts disponibles d\u00e8s maintenant \u00e0 travers le r\u00e9pertoire des membres pour tous les professionnels des march\u00e9s publics;<\/li>\n<li>l\u2019opportunit\u00e9 de participer \u00e0 la r\u00e9vision de nouveaux documents, rapports de recherche et pr\u00e9sentations sur les meilleures pratiques en mati\u00e8re de march\u00e9s publics au moment de leur d\u00e9veloppement;<\/li>\n<li>des mat\u00e9riels de r\u00e9f\u00e9rence et outils mis \u00e0 la disposition des membres seulement sur notre site Web;<\/li>\n<li>des \u00e9conomies financi\u00e8res pour votre organisation pour notre Forum canadien sur les march\u00e9s publics.<\/li>\n<\/ul>\n<\/li>\n<\/ul>\n<\/li>\n<li>Pourquoi mon organisation devrait-elle se joindre au CCMP?\n<ul>\n<li><strong>En tant que membre du CCMP, vous serez en mesure de:<\/strong>\n<ul>\n<li>\u00e9tablir des contacts directs avec d\u2019autres organismes d\u2019approvisionnement public de votre secteur et d\u2019autres ordres gouvernementaux \u00e0 travers le Canada;<\/li>\n<li>partager vos connaissances et votre exp\u00e9rience dans le domaine des march\u00e9s publics;<\/li>\n<li>\u00e9changer des id\u00e9es et de l\u2019information au sein de la profession, dans le but de d\u00e9velopper des pratiques exemplaires pour la communaut\u00e9 d\u2019approvisionnement du secteur public;<\/li>\n<li>d\u00e9crire votre organisation ainsi que les initiatives que vous prenez avec votre \u00e9quipe d\u2019approvisionnement;<\/li>\n<li>acc\u00e9der \u00e0 des m\u00e9thodes et des outils utilis\u00e9s par d\u2019autres professionnels de march\u00e9s publics;<\/li>\n<li>trouver les mat\u00e9riels et les contacts pour vous permettre de vous d\u00e9velopper professionnellement et personnellement.<\/li>\n<\/ul>\n<\/li>\n<li>Le Conseil canadien des march\u00e9s publics est un organisme \u00e0 but non lucratif. Vos frais annuels d\u2019adh\u00e9sion servent directement au d\u00e9veloppement d\u2019un large \u00e9ventail d\u2019initiatives pour le support de la communaut\u00e9 des march\u00e9s publics au Canada.<\/li>\n<\/ul>\n<\/li>\n<li>Vous r\u00e9f\u00e9rez \u00e0 un Forum canadien sur les march\u00e9s publics. Quel est l\u2019objectif de ce Forum? O\u00f9 et quand aura lieu le Forum de cette ann\u00e9e?\n<ul>\n<li>Le Forum canadien sur les march\u00e9s publics est un endroit o\u00f9 vous pouvez faire du r\u00e9seautage avec vos pairs et d\u2019autres professionnels en approvisionnement du secteur public \u00e0 travers le Canada. Il s\u2019agit \u00e9galement d\u2019une opportunit\u00e9 de participer \u00e0 des forums ouverts et des ateliers qui traitent de nos probl\u00e8mes et d\u00e9fis les plus importants.<\/li>\n<li>En novembre 1999, des organismes du secteur public et parapublic se sont r\u00e9unis \u00e0 Qu\u00e9bec pour le premier Forum canadien sur les march\u00e9s publics afin d\u2019\u00e9tudier et de discuter de leurs probl\u00e8mes communs. Le Forum canadien sur les march\u00e9s publics est organis\u00e9 chaque ann\u00e9e dans une ville canadienne diff\u00e9rente.<\/li>\n<\/ul>\n<\/li>\n<li>Comment puis-je me joindre au CCMP?\n<ul>\n<li>Tous les organismes publics menant des activit\u00e9s dans le domaines des march\u00e9s publics peuvent se joindre au CCMP et toute personne de votre d\u00e9partement d\u2019approvisionnement peut avoir acc\u00e8s aux avantages de l\u2019adh\u00e9sion.<\/li>\n<li>Votre organisation peut se joindre au CCMP en compl\u00e9tant le formulaire d\u2019adh\u00e9sion en ligne et en soumettant votre paiement soit par ch\u00e8que ou par carte de cr\u00e9dit.<\/li>\n<li>Si vous avez des questions concernant votre soumission d\u2019adh\u00e9sion, n\u2019h\u00e9sitez pas \u00e0 nous contacter.<\/li>\n<\/ul>\n<\/li>\n<li>Qui dois-je contacter pour avoir plus d\u2019information sur le CCMP?\n<ul>\n<li>Le si\u00e8ge social du CCMP est situ\u00e9 \u00e0 L\u00e9vis, QC. Nous vous invitons \u00e0 communiquer avec nous pour plus d\u2019information sur le Conseil. <a href=\"https:\/\/cppc-ccmp.ca\/fr\/contactez-nous\/\">Cliquez ici<\/a> pour nous contacter.<\/li>\n<\/ul>\n<\/li>\n<\/ul>\n","protected":false},"excerpt":{"rendered":"<p>Quels sont les objectifs du Conseil canadien des march\u00e9s publics (CCMP)? Le CCMP est un organisme \u00e0 but non lucratif ayant les objectifs principaux suivants : fournir le leadership appropri\u00e9 et promouvoir le dialogue dans les march\u00e9s publics; ajouter de la valeur \u00e0 la fonction de gestion de la cha\u00eene d\u2019approvisionnement de nos organismes membres; [&hellip;]<\/p>\n","protected":false},"author":1,"featured_media":0,"parent":0,"menu_order":0,"comment_status":"closed","ping_status":"closed","template":"faq.php","meta":{"_acf_changed":false,"_monsterinsights_skip_tracking":false,"_monsterinsights_sitenote_active":false,"_monsterinsights_sitenote_note":"","_monsterinsights_sitenote_category":0,"footnotes":""},"class_list":["post-29","page","type-page","status-publish","hentry"],"acf":[],"_links":{"self":[{"href":"https:\/\/cppc-ccmp.ca\/fr\/wp-json\/wp\/v2\/pages\/29","targetHints":{"allow":["GET"]}}],"collection":[{"href":"https:\/\/cppc-ccmp.ca\/fr\/wp-json\/wp\/v2\/pages"}],"about":[{"href":"https:\/\/cppc-ccmp.ca\/fr\/wp-json\/wp\/v2\/types\/page"}],"author":[{"embeddable":true,"href":"https:\/\/cppc-ccmp.ca\/fr\/wp-json\/wp\/v2\/users\/1"}],"replies":[{"embeddable":true,"href":"https:\/\/cppc-ccmp.ca\/fr\/wp-json\/wp\/v2\/comments?post=29"}],"version-history":[{"count":16,"href":"https:\/\/cppc-ccmp.ca\/fr\/wp-json\/wp\/v2\/pages\/29\/revisions"}],"predecessor-version":[{"id":6211,"href":"https:\/\/cppc-ccmp.ca\/fr\/wp-json\/wp\/v2\/pages\/29\/revisions\/6211"}],"wp:attachment":[{"href":"https:\/\/cppc-ccmp.ca\/fr\/wp-json\/wp\/v2\/media?parent=29"}],"curies":[{"name":"wp","href":"https:\/\/api.w.org\/{rel}","templated":true}]}}