{"id":1699,"date":"2021-04-20T14:12:55","date_gmt":"2021-04-20T19:12:55","guid":{"rendered":"http:\/\/ccmp.versionbeta.ca\/?page_id=1699"},"modified":"2021-04-20T14:14:27","modified_gmt":"2021-04-20T19:14:27","slug":"merci","status":"publish","type":"page","link":"https:\/\/cppc-ccmp.ca\/fr\/merci\/","title":{"rendered":"Merci"},"content":{"rendered":"\n<p class=\"has-text-align-center\">Votre paiement a bien \u00e9t\u00e9 re\u00e7u, nous vous enverrons votre facture par courriel dans les plus brefs d\u00e9lais.<\/p>\n\n\n\n<p class=\"has-text-align-center\"><strong>Bienvenue en tant que membre CCMP!<\/strong><br><br><br><\/p>\n","protected":false},"excerpt":{"rendered":"<p>Votre paiement a bien \u00e9t\u00e9 re\u00e7u, nous vous enverrons votre facture par courriel dans les plus brefs d\u00e9lais. Bienvenue en tant que membre CCMP!<\/p>\n","protected":false},"author":1,"featured_media":0,"parent":0,"menu_order":0,"comment_status":"closed","ping_status":"closed","template":"","meta":{"_acf_changed":false,"_monsterinsights_skip_tracking":false,"_monsterinsights_sitenote_active":false,"_monsterinsights_sitenote_note":"","_monsterinsights_sitenote_category":0,"footnotes":""},"class_list":["post-1699","page","type-page","status-publish","hentry"],"acf":[],"_links":{"self":[{"href":"https:\/\/cppc-ccmp.ca\/fr\/wp-json\/wp\/v2\/pages\/1699","targetHints":{"allow":["GET"]}}],"collection":[{"href":"https:\/\/cppc-ccmp.ca\/fr\/wp-json\/wp\/v2\/pages"}],"about":[{"href":"https:\/\/cppc-ccmp.ca\/fr\/wp-json\/wp\/v2\/types\/page"}],"author":[{"embeddable":true,"href":"https:\/\/cppc-ccmp.ca\/fr\/wp-json\/wp\/v2\/users\/1"}],"replies":[{"embeddable":true,"href":"https:\/\/cppc-ccmp.ca\/fr\/wp-json\/wp\/v2\/comments?post=1699"}],"version-history":[{"count":5,"href":"https:\/\/cppc-ccmp.ca\/fr\/wp-json\/wp\/v2\/pages\/1699\/revisions"}],"predecessor-version":[{"id":1705,"href":"https:\/\/cppc-ccmp.ca\/fr\/wp-json\/wp\/v2\/pages\/1699\/revisions\/1705"}],"wp:attachment":[{"href":"https:\/\/cppc-ccmp.ca\/fr\/wp-json\/wp\/v2\/media?parent=1699"}],"curies":[{"name":"wp","href":"https:\/\/api.w.org\/{rel}","templated":true}]}}