{"id":1626,"date":"2021-04-13T12:18:20","date_gmt":"2021-04-13T17:18:20","guid":{"rendered":"http:\/\/ccmp.versionbeta.ca\/?page_id=1626"},"modified":"2021-04-13T12:35:11","modified_gmt":"2021-04-13T17:35:11","slug":"sabonner-au-site-web","status":"publish","type":"page","link":"https:\/\/cppc-ccmp.ca\/fr\/sabonner-au-site-web\/","title":{"rendered":"S\u2019abonner au site web"},"content":{"rendered":"\t<div class='user-registration ur-frontend-form   ' id='user-registration-form-703'>\n\t\t\t\t\t\t\t\t<form method='post' class='register' data-form-id=\"703\"\n\t\t\t\tdata-enable-strength-password=\"\" data-minimum-password-strength=\"3\"\n\t\t\t\t\t\t\t\t\t\t\t\t\t\t\t \"enctype=multipart\/form-data\" \"enctype=multipart\/form-data\" data-captcha-enabled=\"\">\n\n\t\t\t\t<div class=\"ur-form-row\" data-row-id=\"0\">\t\t\t\t\t\t\t<div class=\"ur-form-grid ur-grid-1\"\n\t\t\t\t\t\t\t\tstyle=\"width:99%\">\n\t\t\t\t\t\t\t\t\t\t\t\t\t\t\t\t<div  data-field-id=\"user_login\" class=\"ur-field-item field-user_login \" data-ref-id=\"user_login\" data-field-pattern-enabled=\"0\" data-field-pattern-value=\" \" data-field-pattern-message=\" \">\n\t\t\t\t\t\t\t\t\t\t<div class=\"form-row validate-required\" id=\"user_login_field\" data-priority=\"\" > <span class=\"input-wrapper\"> <input  data-rules=\"\" data-id=\"user_login\" type=\"text\" class=\"input-text   input-text ur-frontend-field  \" name=\"user_login\" id=\"user_login\" placeholder=\"Nom d&#039;utilisateur\"  value=\"\" required=\"required\" data-label=\"Nom d&#039;utilisateur\" data-username-character=\"yes\"\/> <\/span> <\/div>\t\t\t\t\t\t\t\t\t<\/div>\n\t\t\t\t\t\t\t\t\t\t\t\t\t\t\t\t\t\t<div  data-field-id=\"last_name\" class=\"ur-field-item field-last_name \" data-ref-id=\"last_name\" data-field-pattern-enabled=\"0\" data-field-pattern-value=\" \" data-field-pattern-message=\" \">\n\t\t\t\t\t\t\t\t\t\t<div class=\"form-row validate-required\" id=\"last_name_field\" data-priority=\"\" > <span class=\"input-wrapper\"> <input  data-rules=\"\" data-id=\"last_name\" type=\"text\" class=\"input-text   input-text ur-frontend-field  \" name=\"last_name\" id=\"last_name\" placeholder=\"Nom\"  value=\"\" required=\"required\" data-label=\"Nom\" \/> <\/span> <\/div>\t\t\t\t\t\t\t\t\t<\/div>\n\t\t\t\t\t\t\t\t\t\t\t\t\t\t\t\t\t\t<div  data-field-id=\"first_name\" class=\"ur-field-item field-first_name \" data-ref-id=\"first_name\" data-field-pattern-enabled=\"0\" data-field-pattern-value=\" \" data-field-pattern-message=\" \">\n\t\t\t\t\t\t\t\t\t\t<div class=\"form-row validate-required\" id=\"first_name_field\" data-priority=\"\" > <span class=\"input-wrapper\"> <input  data-rules=\"\" data-id=\"first_name\" type=\"text\" class=\"input-text   input-text ur-frontend-field  \" name=\"first_name\" id=\"first_name\" placeholder=\"Pr\u00e9nom\"  value=\"\" required=\"required\" data-label=\"Pr\u00e9nom\" \/> <\/span> <\/div>\t\t\t\t\t\t\t\t\t<\/div>\n\t\t\t\t\t\t\t\t\t\t\t\t\t\t\t\t\t\t<div  data-field-id=\"description\" class=\"ur-field-item field-description \" data-ref-id=\"description\" data-field-pattern-enabled=\"0\" data-field-pattern-value=\" \" data-field-pattern-message=\" \">\n\t\t\t\t\t\t\t\t\t\t<div class=\"form-row validate-required\" id=\"description_field\" data-priority=\"\" ><textarea style=\"margin-bottom:0px;\" data-rules=\"\" data-id=\"description\" name=\"description\" class=\"input-text ur-frontend-field  \" id=\"description\" placeholder=\"Organisme ou organisation\"  rows=\"2\" cols=\"5\"required=\"required\" data-label=\"Organisme ou organisation\"><\/textarea><div style=\"text-align: right; font-size:14px; color:#737373; margin-top:0px;\"> <div class=\"ur-input-count\" data-count-type=\"characters\" style=\"display: inline-block; margin-right: 1px;\">0<\/div>&nbsp;<div style=\"display: inline-block;\"> characters<\/div><\/div><\/div>\t\t\t\t\t\t\t\t\t<\/div>\n\t\t\t\t\t\t\t\t\t\t\t\t\t\t\t\t\t\t<div  data-field-id=\"user_url\" class=\"ur-field-item field-user_url \" data-ref-id=\"user_url\" data-field-pattern-enabled=\"0\" data-field-pattern-value=\" \" data-field-pattern-message=\" \">\n\t\t\t\t\t\t\t\t\t\t<div class=\"form-row \" id=\"user_url_field\" data-priority=\"\" > <span class=\"input-wrapper\"> <input  data-rules=\"\" data-id=\"user_url\" type=\"url\" class=\"input-text   input-url ur-frontend-field  \" name=\"user_url\" id=\"user_url\" placeholder=\"Site web (http:\/\/votresite.ca)\"  value=\"\" data-label=\"Site web\" \/> <\/span> <\/div>\t\t\t\t\t\t\t\t\t<\/div>\n\t\t\t\t\t\t\t\t\t\t\t\t\t\t\t\t\t\t<div  data-field-id=\"user_email\" class=\"ur-field-item field-user_email \" data-ref-id=\"user_email\" data-field-pattern-enabled=\"0\" data-field-pattern-value=\" \" data-field-pattern-message=\" \">\n\t\t\t\t\t\t\t\t\t\t<div class=\"form-row validate-required\" id=\"user_email_field\" data-priority=\"\" > <span class=\"input-wrapper\"> <input  data-rules=\"\" data-id=\"user_email\" type=\"email\" class=\"input-text   input-email ur-frontend-field  \" name=\"user_email\" id=\"user_email\" placeholder=\"Courriel\"  value=\"\" required=\"required\" data-label=\"Courriel\" \/> <\/span> <\/div>\t\t\t\t\t\t\t\t\t<\/div>\n\t\t\t\t\t\t\t\t\t\t\t\t\t\t\t\t\t\t<div  data-field-id=\"mailchimp_1600310618\" class=\"ur-field-item field-mailchimp \" data-ref-id=\"mailchimp_1600310618\" data-field-pattern-enabled=\"0\" data-field-pattern-value=\" \" data-field-pattern-message=\" \">\n\t\t\t\t\t\t\t\t\t\t<div class=\"form-row \" id=\"mailchimp_1600310618_field\" data-priority=\"\" ><label class=\"ur-label checkbox\" data-label=\"Inscrivez-moi \u00e0 la liste d\u2019envoi du CCMP\" data-default=\"1\">\n\t\t\t\t\t\t\t<input data-rules=\"\" data-id=\"mailchimp_1600310618\" data-label=\"Inscrivez-moi \u00e0 la liste d\u2019envoi du CCMP\" data-default=\"1\" data-value=\"1\" type=\"checkbox\" class=\"input-checkbox ur-frontend-field \" name=\"mailchimp_1600310618\" id=\"mailchimp_1600310618\" value=\"1\"  checked='checked' \/> Inscrivez-moi \u00e0 la liste d\u2019envoi du CCMP<\/label><\/div>\t\t\t\t\t\t\t\t\t<\/div>\n\t\t\t\t\t\t\t\t\t\t\t\t\t\t\t\t\t\t<div  data-field-id=\"user_pass\" class=\"ur-field-item field-user_pass \" data-ref-id=\"user_pass\" data-field-pattern-enabled=\"0\" data-field-pattern-value=\" \" data-field-pattern-message=\" \">\n\t\t\t\t\t\t\t\t\t\t<div class=\"form-row validate-required hide_show_password\" id=\"user_pass_field\" data-priority=\"\"> <span class=\"input-wrapper\"> <span class=\"password-input-group input-form-field-icons\"><input data-rules=\"\" data-id=\"user_pass\" type=\"password\" class=\"input-text  input-password ur-frontend-field  \" name=\"user_pass\" id=\"user_pass\" placeholder=\"Mot de passe\"  value=\"\" required=\"required\" data-label=\"Mot de passe\" \/><\/span> <\/span> <\/div>\t\t\t\t\t\t\t\t\t<\/div>\n\t\t\t\t\t\t\t\t\t\t\t\t\t\t\t\t\t\t<div  data-field-id=\"user_confirm_password\" class=\"ur-field-item field-user_confirm_password \" data-ref-id=\"user_confirm_password\" data-field-pattern-enabled=\"0\" data-field-pattern-value=\" \" data-field-pattern-message=\" \">\n\t\t\t\t\t\t\t\t\t\t<div class=\"form-row validate-required hide_show_password\" id=\"user_confirm_password_field\" data-priority=\"\"> <span class=\"input-wrapper\"> <span class=\"password-input-group input-form-field-icons\"><input data-rules=\"\" data-id=\"user_confirm_password\" type=\"password\" class=\"input-text  input-password ur-frontend-field  \" name=\"user_confirm_password\" id=\"user_confirm_password\" placeholder=\"Confirmez le mot de passe\"  value=\"\" required=\"required\" data-label=\"Confirmez le mot de passe\" \/><\/span> <\/span> <\/div>\t\t\t\t\t\t\t\t\t<\/div>\n\t\t\t\t\t\t\t\t\t\t\t\t\t\t\t\t<\/div>\n\t\t\t\t\t\t\t\t\t\t\t\t\t<\/div>\n\t\t\t\t\t\t\t\t\t\t\t\t\t\t\t\t\t\t<div class=\"ur-button-container \" >\n\t\t\t\t\t\t\t\t\t\t\t\t\t\t<button type=\"submit\" class=\"btn button ur-submit-button \"  conditional_rules=\"&quot;&quot;\">\n\t\t\t\t\t\t\t\t<span><\/span>\n\t\t\t\t\t\t\t\tSoumettre\t\t\t\t\t\t\t<\/button>\n\t\t\t\t\t\t\t\t\t\t\t\t\t\t\t\t\t\t\t\t<\/div>\n\t\t\t\t\t\t\n\t\t\t\t<div style=\"clear:both\"><\/div>\n\t\t\t\t\t\t\t\t<input type=\"hidden\" name=\"ur-registration-language\" value=\"fr\"\/>\n\t\t\t\t<input type=\"hidden\" name=\"ur-user-form-id\" value=\"703\"\/>\n\t\t\t\t<input type=\"hidden\" name=\"ur-redirect-url\" value=\"\"\/>\n\t\t\t\t<input type=\"hidden\" id=\"ur_frontend_form_nonce\" name=\"ur_frontend_form_nonce\" value=\"35f9ad1e7e\" \/>\n\t\t\t\t\n\t\t\t<\/form>\n\t\t\t\n\t\t<div style=\"clear:both\"><\/div>\n\t<\/div>\n\n\n\n\n\n<p><\/p>\n\n\n\n<p><\/p>\n\n\n\n<p>Vous \u00eates d\u00e9j\u00e0 membre?<\/p>\n\n\n\n<p><a href=\"http:\/\/cppc-ccmp.ca\/connexion\/\">S&rsquo;identifier<\/a><\/p>\n","protected":false},"excerpt":{"rendered":"<p>Vous \u00eates d\u00e9j\u00e0 membre? S&rsquo;identifier<\/p>\n","protected":false},"author":1,"featured_media":0,"parent":0,"menu_order":0,"comment_status":"closed","ping_status":"closed","template":"inscrire.php","meta":{"_acf_changed":false,"_monsterinsights_skip_tracking":false,"_monsterinsights_sitenote_active":false,"_monsterinsights_sitenote_note":"","_monsterinsights_sitenote_category":0,"footnotes":""},"class_list":["post-1626","page","type-page","status-publish","hentry"],"acf":[],"_links":{"self":[{"href":"https:\/\/cppc-ccmp.ca\/fr\/wp-json\/wp\/v2\/pages\/1626","targetHints":{"allow":["GET"]}}],"collection":[{"href":"https:\/\/cppc-ccmp.ca\/fr\/wp-json\/wp\/v2\/pages"}],"about":[{"href":"https:\/\/cppc-ccmp.ca\/fr\/wp-json\/wp\/v2\/types\/page"}],"author":[{"embeddable":true,"href":"https:\/\/cppc-ccmp.ca\/fr\/wp-json\/wp\/v2\/users\/1"}],"replies":[{"embeddable":true,"href":"https:\/\/cppc-ccmp.ca\/fr\/wp-json\/wp\/v2\/comments?post=1626"}],"version-history":[{"count":8,"href":"https:\/\/cppc-ccmp.ca\/fr\/wp-json\/wp\/v2\/pages\/1626\/revisions"}],"predecessor-version":[{"id":1640,"href":"https:\/\/cppc-ccmp.ca\/fr\/wp-json\/wp\/v2\/pages\/1626\/revisions\/1640"}],"wp:attachment":[{"href":"https:\/\/cppc-ccmp.ca\/fr\/wp-json\/wp\/v2\/media?parent=1626"}],"curies":[{"name":"wp","href":"https:\/\/api.w.org\/{rel}","templated":true}]}}